{"id":1070,"date":"2023-04-11T14:55:45","date_gmt":"2023-04-11T14:55:45","guid":{"rendered":"https:\/\/gentleglow.at\/?page_id=1070"},"modified":"2023-04-12T08:08:06","modified_gmt":"2023-04-12T08:08:06","slug":"rueckerstattung_rueckgaben","status":"publish","type":"page","link":"https:\/\/gentleglow.at\/en\/rueckerstattung_rueckgaben\/","title":{"rendered":"Richtlinie f\u00fcr R\u00fcckerstattungen und R\u00fcckgaben"},"content":{"rendered":"<h3>Allgemein<\/h3>\r\n<p>Unsere R\u00fcckerstattungs- und R\u00fcckgaberichtlinie gilt f\u00fcr 30 Tage. Wenn seit Ihrem Kauf 30 Tage vergangen sind, k\u00f6nnen wir Ihnen keine vollst\u00e4ndige R\u00fcckerstattung oder Umtausch anbieten.<\/p>\r\n<p>Um f\u00fcr eine R\u00fccksendung in Frage zu kommen, muss Ihr Artikel unbenutzt und in demselben Zustand sein, in dem Sie ihn erhalten haben. Er muss sich auch in der Originalverpackung befinden.<\/p>\r\n<p>Um Ihre R\u00fccksendung abzuschlie\u00dfen, ben\u00f6tigen wir eine Quittung oder einen Kaufbeleg.<br \/>Bitte senden Sie Ihren Kauf nicht an den Hersteller zur\u00fcck.<\/p>\r\n<h3>Es gibt bestimmte Situationen, in denen nur teilweise R\u00fcckerstattungen gew\u00e4hrt werden:<\/h3>\r\n<p>&#8211; Jeder Artikel, der sich nicht im Originalzustand befindet, besch\u00e4digt ist oder Teile fehlen, aus Gr\u00fcnden, die nicht auf unseren Fehler zur\u00fcckzuf\u00fchren sind.<br \/>&#8211; Alle Artikel, die mehr als 30 Tage nach Lieferung zur\u00fcckgesandt werden<\/p>\r\n<p>Sobald Ihre R\u00fccksendung eingegangen und gepr\u00fcft ist, senden wir Ihnen eine E-Mail, um Sie dar\u00fcber zu informieren, dass wir Ihre R\u00fccksendung erhalten haben. Wir werden Sie auch \u00fcber die Genehmigung oder Ablehnung Ihrer R\u00fcckerstattung informieren.<\/p>\r\n<p>Wenn Sie genehmigt wird, wird Ihre R\u00fcckerstattung bearbeitet und innerhalb einer bestimmten Anzahl von Tagen automatisch eine Gutschrift auf Ihre Kreditkarte oder Ihre urspr\u00fcngliche Zahlungsmethode angewendet.<\/p>\r\n<h3>Versp\u00e4tete oder fehlende R\u00fcckerstattungen<\/h3>\r\n<p>Wenn Sie noch keine R\u00fcckerstattung erhalten haben, \u00fcberpr\u00fcfen Sie zun\u00e4chst erneut Ihr Bankkonto. Wenden Sie sich dann an Ihr Kreditkartenunternehmen. Es kann einige Zeit dauern, bis Ihre R\u00fcckerstattung offiziell gebucht wird. Wenden Sie sich als n\u00e4chstes an Ihre Bank. Es gibt oft eine gewisse Bearbeitungszeit, bevor eine R\u00fcckerstattung gebucht wird.<\/p>\r\n<p>Wenn Sie dies alles getan haben und Ihre R\u00fcckerstattung noch nicht erhalten haben, kontaktieren Sie uns bitte unter office@gentleglow.at.<\/p>\r\n\r\n\r\n\r\n<h3>Austausch<\/h3>\r\n<p>Wir ersetzen Artikel nur, wenn sie defekt oder besch\u00e4digt sind. Wenn Sie es gegen denselben Artikel umtauschen m\u00f6chten, senden Sie uns eine E-Mail an office@gentleglow.at und senden Sie Ihren Artikel an die unten angegebene Adresse.<\/p>\r\n<h3>Versand zur\u00fcck<\/h3>\r\n<p>Senden Sie uns Ihr Produkt an folgende Adresse:<br \/>Gentle Glow<br \/>Wiener Neust\u00e4dter Stra\u00dfe 30\/Top4<br \/>A-2540 Bad V\u00f6slau<\/p>\r\n<p>Sie sind f\u00fcr die Zahlung der Versandkosten und f\u00fcr die R\u00fccksendung Ihres Artikels verantwortlich. Versandkosten sind nicht erstattungsf\u00e4hig.\u00a0<\/p>\r\n<p>Abh\u00e4ngig von Ihrem Wohnort kann es unterschiedlich lange dauern, bis Ihr umgetauschtes Produkt Sie erreicht.<\/p>\r\n<p>Wenn Sie teurere Artikel zur\u00fccksenden, k\u00f6nnen Sie einen nachverfolgbaren Versandservice in Anspruch nehmen oder eine Versandversicherung abschlie\u00dfen. Wir garantieren nicht, dass wir Ihren zur\u00fcckgegebenen Artikel erhalten.<\/p>\r\n<h3>Brauchen Sie Hilfe?<\/h3>\r\n<p>Kontaktieren Sie uns unter office@gentleglow.at, wenn Sie Fragen zu R\u00fcckerstattungen und R\u00fccksendungen haben.<\/p>","protected":false},"excerpt":{"rendered":"<p>Allgemein Unsere R\u00fcckerstattungs- und R\u00fcckgaberichtlinie gilt f\u00fcr 30 Tage. Wenn seit Ihrem Kauf 30 Tage vergangen sind, k\u00f6nnen wir Ihnen keine vollst\u00e4ndige R\u00fcckerstattung oder Umtausch anbieten. Um f\u00fcr eine R\u00fccksendung in Frage zu kommen, muss Ihr Artikel unbenutzt und in demselben Zustand sein, in dem Sie ihn erhalten haben. Er muss sich auch in der Originalverpackung befinden. Um Ihre R\u00fccksendung abzuschlie\u00dfen, ben\u00f6tigen wir eine Quittung oder einen Kaufbeleg.Bitte senden Sie Ihren Kauf nicht an den Hersteller zur\u00fcck. Es gibt bestimmte [&hellip;]<\/p>\n","protected":false},"author":3,"featured_media":0,"parent":0,"menu_order":0,"comment_status":"closed","ping_status":"closed","template":"","meta":{"_acf_changed":false,"footnotes":""},"class_list":["post-1070","page","type-page","status-publish","hentry"],"acf":[],"_links":{"self":[{"href":"https:\/\/gentleglow.at\/en\/wp-json\/wp\/v2\/pages\/1070","targetHints":{"allow":["GET"]}}],"collection":[{"href":"https:\/\/gentleglow.at\/en\/wp-json\/wp\/v2\/pages"}],"about":[{"href":"https:\/\/gentleglow.at\/en\/wp-json\/wp\/v2\/types\/page"}],"author":[{"embeddable":true,"href":"https:\/\/gentleglow.at\/en\/wp-json\/wp\/v2\/users\/3"}],"replies":[{"embeddable":true,"href":"https:\/\/gentleglow.at\/en\/wp-json\/wp\/v2\/comments?post=1070"}],"version-history":[{"count":0,"href":"https:\/\/gentleglow.at\/en\/wp-json\/wp\/v2\/pages\/1070\/revisions"}],"wp:attachment":[{"href":"https:\/\/gentleglow.at\/en\/wp-json\/wp\/v2\/media?parent=1070"}],"curies":[{"name":"wp","href":"https:\/\/api.w.org\/{rel}","templated":true}]}}