{"id":1616,"date":"2022-03-20T17:51:50","date_gmt":"2022-03-20T17:51:50","guid":{"rendered":"https:\/\/gentleglow.at\/?page_id=1616"},"modified":"2022-03-21T13:14:15","modified_gmt":"2022-03-21T13:14:15","slug":"allgemeinegeschaeftsbedingungen","status":"publish","type":"page","link":"https:\/\/gentleglow.at\/en\/allgemeinegeschaeftsbedingungen\/","title":{"rendered":"ALLGEMEINE GESCH\u00c4FTSBEDINGUNGEN"},"content":{"rendered":"<div class=\"wpb-content-wrapper\"><div  class=\"vc_row wpb_row vc_row-fluid vc_custom_1472849847028 in_container mobilenopadding\"><div class=\"wpb_column vc_column_container vc_col-sm-12\"><div class=\"vc_column-inner vc_custom_1466002028564\"><div class=\"wpb_wrapper\"><h2 style=\"font-size: 36px;color: #f5f5f5;line-height: 52px;text-align: center;font-family:Roboto;font-weight:700;font-style:normal\" class=\"vc_custom_heading letter-spacing10\">ALLGEMEINE GESCH\u00c4FTSBEDINGUNGEN<\/h2>\t<div class=\"dividerwrap\" style=\"padding-top:0px; padding-bottom:82px;\">\r\n\t\t<div class=\"imagedivider center\">\r\n\t\t<img decoding=\"async\" src=\"https:\/\/gentleglow.at\/wp-content\/uploads\/2022\/03\/white-divider.png\" class=\"imagedividerpic\" alt=\"divider\">\r\n\t\t<\/div>\r\n\t\t<div class=\"clear\"><\/div>\r\n\t<\/div>\n\t<div class=\"wpb_text_column wpb_content_element\" >\n\t\t<div class=\"wpb_wrapper\">\n\t\t\t<ol>\n<li>GELTUNGSBEREICH<\/li>\n<\/ol>\n<p>&nbsp;<\/p>\n<p>F\u00fcr alle Bestellungen \u00fcber unseren Online-Shop gelten die nachfolgenden AGB. Unser Online-Shop richtet sich ausschlie\u00dflich an Verbraucher.<\/p>\n<p>Verbraucher sind Verbraucher im Sinne des Konsumentenschutzgesetzes (KSchG) und somit nat\u00fcrliche oder juristische Personen, die keine Unternehmer sind.<\/p>\n<p>&nbsp;<\/p>\n<ol start=\"2\">\n<li>VERTRAGSPARTNER, VERTRAGSSCHLUSS, KORREKTURM\u00d6GLICHKEITEN<\/li>\n<\/ol>\n<p>&nbsp;<\/p>\n<p>Zum Vertragsschluss mit dem Onlineshop sind nur Personen berechtigt, die das 18. Lebensjahr vollendet haben und zum Zeitpunkt des Vertragsschlusses in ihrer Gesch\u00e4ftsf\u00e4higkeit nicht beschr\u00e4nkt sind.<\/p>\n<p>Der Kaufvertrag kommt zustande mit GENTLE GLOW, Mag. Roman Schrank und Jasmin Neuninger.<\/p>\n<p>Die Darstellung der Produkte im Online-Shop stellt kein rechtlich bindendes Angebot, sondern einen unverbindlichen Online-Katalog dar. Sie k\u00f6nnen unsere Produkte zun\u00e4chst unverbindlich in den Warenkorb legen und Ihre Eingaben vor Absenden Ihrer verbindlichen Bestellung jederzeit korrigieren, indem Sie die hierf\u00fcr im Bestellablauf vorgesehenen und erl\u00e4uterten Korrekturhilfen nutzen. Durch Anklicken des Bestellbuttons geben Sie ein verbindliches Angebot \u00fcber die im Warenkorb enthaltenen Waren ab. Die Best\u00e4tigung des Zugangs Ihrer Bestellung erfolgt per E-Mail unmittelbar nach dem Absenden der Bestellung.<\/p>\n<p>Wir nehmen Ihr Angebot innerhalb von zwei Tagen an, indem<\/p>\n<ul>\n<li>wir eine Annahmeerkl\u00e4rung in separater E-Mail abgeben oder<\/li>\n<li>wir die Ware ausliefern lassen oder<\/li>\n<li>gegebenenfalls die Zahlungstransaktion durch unseren Dienstleister oder den ausgew\u00e4hlten Zahlungsdienstleister durchgef\u00fchrt wird. Der Durchf\u00fchrungszeitpunkt der Zahlungstransaktion richtet sich nach der jeweils ausgew\u00e4hlten Zahlungsart (s. unter \u201eBezahlung\u201c).<\/li>\n<\/ul>\n<p>Die f\u00fcr Sie relevante Alternative richtet sich danach, welches der aufgez\u00e4hlten Ereignisse als erstes eintritt.<\/p>\n<p>&nbsp;<\/p>\n<ol start=\"3\">\n<li>VERTRAGSSPRACHE, VERTRAGSTEXTSPEICHERUNG<\/li>\n<\/ol>\n<p>&nbsp;<\/p>\n<p>Die f\u00fcr den Vertragsschluss zur Verf\u00fcgung stehende(n) Sprache(n): Deutsch und Englisch<\/p>\n<p>Wir speichern den Vertragstext und senden Ihnen die Bestelldaten und unsere AGB in Textform zu. Der Vertragstext ist aus Sicherheitsgr\u00fcnden nicht mehr \u00fcber das Internet zug\u00e4nglich.<\/p>\n<p>&nbsp;<\/p>\n<ol start=\"4\">\n<li>LIEFERBEDINGUNGEN<\/li>\n<\/ol>\n<p>&nbsp;<\/p>\n<p>Zuz\u00fcglich zu den angegebenen Produktpreisen fallen noch Versandkosten an. N\u00e4here Bestimmungen den Versandkosten erfahren Sie bei den Angeboten.<\/p>\n<p>Wir liefern nur im Versandweg. Eine Selbstabholung der Ware ist leider nicht m\u00f6glich.<\/p>\n<p>Wir liefern nicht an Packstationen.<\/p>\n<p>&nbsp;<\/p>\n<ol start=\"5\">\n<li>BEZAHLUNG\u200b\u200b\u200b\u200b\u200b\u200b\u200b<\/li>\n<\/ol>\n<p>&nbsp;<\/p>\n<p>In unserem Shop stehen Ihnen grunds\u00e4tzlich die folgenden Zahlungsarten zur Verf\u00fcgung:<\/p>\n<p>PAYPAL<\/p>\n<p>Um den Rechnungsbetrag \u00fcber den Zahlungsdienstleister PayPal (Europe) S.\u00e0 r.l. et Cie, S.C.A, 22-24 Boulevard Royal, L-2449 Luxembourg (\u201ePayPal\u201c) bezahlen zu k\u00f6nnen, m\u00fcssen Sie bei PayPal registriert sein, sich mit Ihren Zugangsdaten legitimieren und die Zahlungsanweisung best\u00e4tigen. Die Zahlungstransaktion wird durch PayPal nach Versendung der Ware durchgef\u00fchrt. Weitere Hinweise erhalten Sie beim Bestellvorgang.<\/p>\n<p>&nbsp;<\/p>\n<ol start=\"6\">\n<li>VERPACKUNG- UND VERSENDUNG<\/li>\n<\/ol>\n<p>&nbsp;<\/p>\n<p>F\u00fcr Lieferung innerhalb \u00d6sterreichs und Verpackungskosten berechnet der Onlineshop einen anteiligen Pauschalbetrag von EUR 4,50, unabh\u00e4ngig von der Anzahl und dem Gewicht der Artikel. Schweiz und Deutschland EUR 8,50. F\u00fcr Lieferungen in alle anderen L\u00e4nder kontaktiere uns bitte f\u00fcr genaue Zollinformationen. Transportsch\u00e4den sind unverz\u00fcglich dem Zusteller zu melden.<\/p>\n<p>&nbsp;<\/p>\n<ol start=\"7\">\n<li>DATENSCHUTZ<\/li>\n<\/ol>\n<p>&nbsp;<\/p>\n<p>Der Kunde ist damit einverstanden, dass seine, dem Onlineshop im Rahmen der Gesch\u00e4ftsbeziehung zugehenden pers\u00f6nlichen Daten, elektronisch gespeichert und verarbeitet werden. Es wird darauf hingewiesen, dass im Sinne dieser Bestimmung ermittelte Daten ausschlie\u00dflich f\u00fcr Zwecke der Leistungserbringung, insbesondere zum Zweck der Auftragsabwicklung und der Buchhaltung erhoben und verarbeitet werden. Der Onlineshop gibt Kunden-Daten nicht an Dritte weiter.<\/p>\n<p>&nbsp;<\/p>\n<ol start=\"8\">\n<li>EIGENTUMSVORBEHALT\u200b\u200b\u200b\u200b\u200b\u200b\u200b<\/li>\n<\/ol>\n<p>&nbsp;<\/p>\n<p>Die Ware bleibt bis zur vollst\u00e4ndigen Bezahlung unser Eigentum.<\/p>\n<p>&nbsp;<\/p>\n<ol start=\"9\">\n<li>GEW\u00c4HRLEISTUNG UND GARANTIEN\u200b\u200b\u200b\u200b\u200b\u200b\u200b<\/li>\n<\/ol>\n<p>Es gilt das gesetzliche M\u00e4ngelhaftungsrecht. Informationen zu gegebenenfalls geltenden zus\u00e4tzlichen Garantien und deren genaue Bedingungen finden Sie jeweils beim Produkt und auf besonderen Informationsseiten im Online-Shop.<\/p>\n<p>&nbsp;<\/p>\n<ol start=\"10\">\n<li>HAFTUNG\u200b\u200b\u200b\u200b\u200b\u200b\u200b<\/li>\n<\/ol>\n<p>&nbsp;<\/p>\n<p>F\u00fcr Anspr\u00fcche aufgrund von Sch\u00e4den, die durch uns, unsere gesetzlichen Vertreter oder Erf\u00fcllungsgehilfen verursacht wurden, haften wir stets unbeschr\u00e4nkt<\/p>\n<ul>\n<li>bei Verletzung des Lebens, des K\u00f6rpers oder der Gesundheit,<\/li>\n<li>bei vors\u00e4tzlicher oder grob fahrl\u00e4ssiger Pflichtverletzung,<\/li>\n<li>bei Garantieversprechen, soweit vereinbart, oder<\/li>\n<li>soweit der Anwendungsbereich des Produkthaftungsgesetzes er\u00f6ffnet ist.<\/li>\n<\/ul>\n<p>Bei Verletzung wesentlicher Vertragspflichten, deren Erf\u00fcllung die ordnungsgem\u00e4\u00dfe Durchf\u00fchrung des Vertrages \u00fcberhaupt erst erm\u00f6glicht und auf deren Einhaltung der Vertragspartner regelm\u00e4\u00dfig vertrauen darf, (Kardinalpflichten) durch leichte Fahrl\u00e4ssigkeit von uns, unseren gesetzlichen Vertretern oder Erf\u00fcllungsgehilfen ist die Haftung der H\u00f6he nach auf den bei Vertragsschluss vorhersehbaren Schaden begrenzt, mit dessen Entstehung typischerweise gerechnet werden muss.<br \/>\nIm \u00dcbrigen sind Anspr\u00fcche auf Schadensersatz ausgeschlossen.<\/p>\n<p>&nbsp;<\/p>\n<ol start=\"11\">\n<li>STREITBEILEGUNG\u200b\u200b\u200b\u200b\u200b\u200b\u200b<\/li>\n<\/ol>\n<p>&nbsp;<\/p>\n<p>Die Europ\u00e4ische Kommission stellt eine Plattform zur Online-Streitbeilegung (OS) bereit, die Sie\u00a0<a href=\"https:\/\/ec.europa.eu\/consumers\/odr\/\">hier<\/a>\u00a0finden. Zur Teilnahme an einem Streitbeilegungsverfahren vor einer Verbraucherschlichtungsstelle sind wir nicht verpflichtet und nicht bereit.<\/p>\n<p style=\"text-align: justify;\"><span style=\"color: #f5f5f5;\">\u00a0<\/span><\/p>\n\n\t\t<\/div>\n\t<\/div>\n<\/div><\/div><\/div><\/div>\n<\/div>","protected":false},"excerpt":{"rendered":"ALLGEMEINE GESCH\u00c4FTSBEDINGUNGEN GELTUNGSBEREICH &nbsp; F\u00fcr alle Bestellungen \u00fcber unseren Online-Shop gelten die nachfolgenden AGB. Unser Online-Shop richtet sich ausschlie\u00dflich an Verbraucher. Verbraucher sind Verbraucher im Sinne des Konsumentenschutzgesetzes (KSchG) und somit nat\u00fcrliche oder juristische Personen, die keine Unternehmer sind. &nbsp; VERTRAGSPARTNER, VERTRAGSSCHLUSS, KORREKTURM\u00d6GLICHKEITEN &nbsp; Zum Vertragsschluss mit dem Onlineshop sind nur Personen berechtigt, die das 18. Lebensjahr vollendet haben und zum Zeitpunkt des Vertragsschlusses in ihrer Gesch\u00e4ftsf\u00e4higkeit nicht beschr\u00e4nkt sind. Der Kaufvertrag kommt zustande mit GENTLE GLOW, Mag. Roman Schrank [...]","protected":false},"author":3,"featured_media":0,"parent":0,"menu_order":1,"comment_status":"closed","ping_status":"closed","template":"","meta":{"_acf_changed":false,"footnotes":""},"class_list":["post-1616","page","type-page","status-publish","hentry"],"acf":[],"_links":{"self":[{"href":"https:\/\/gentleglow.at\/en\/wp-json\/wp\/v2\/pages\/1616","targetHints":{"allow":["GET"]}}],"collection":[{"href":"https:\/\/gentleglow.at\/en\/wp-json\/wp\/v2\/pages"}],"about":[{"href":"https:\/\/gentleglow.at\/en\/wp-json\/wp\/v2\/types\/page"}],"author":[{"embeddable":true,"href":"https:\/\/gentleglow.at\/en\/wp-json\/wp\/v2\/users\/3"}],"replies":[{"embeddable":true,"href":"https:\/\/gentleglow.at\/en\/wp-json\/wp\/v2\/comments?post=1616"}],"version-history":[{"count":0,"href":"https:\/\/gentleglow.at\/en\/wp-json\/wp\/v2\/pages\/1616\/revisions"}],"wp:attachment":[{"href":"https:\/\/gentleglow.at\/en\/wp-json\/wp\/v2\/media?parent=1616"}],"curies":[{"name":"wp","href":"https:\/\/api.w.org\/{rel}","templated":true}]}}