{"id":1826,"date":"2024-01-26T19:32:47","date_gmt":"2024-01-26T19:32:47","guid":{"rendered":"https:\/\/gentleglow.at\/?page_id=1826"},"modified":"2025-07-23T15:01:36","modified_gmt":"2025-07-23T15:01:36","slug":"2-3","status":"publish","type":"page","link":"https:\/\/gentleglow.at\/en\/2-3\/","title":{"rendered":"BIOGRAPHY"},"content":{"rendered":"<div class=\"wpb-content-wrapper\"><div  class=\"vc_row wpb_row vc_row-fluid vc_custom_1472849847028 in_container mobilenopadding\"><div class=\"wpb_column vc_column_container vc_col-sm-12 vc_hidden-lg vc_hidden-md\"><div class=\"vc_column-inner vc_custom_1647765784386\"><div class=\"wpb_wrapper\"><h2 style=\"font-size: 48px;color: #f5f5f5;line-height: 52px;text-align: center;font-family:Roboto;font-weight:700;font-style:normal\" class=\"vc_custom_heading letter-spacing10\">BIOGRAPHY<\/h2>\t<div class=\"dividerwrap\" style=\"padding-top:0px; padding-bottom:82px;\">\r\n\t\t<div class=\"imagedivider center\">\r\n\t\t<img decoding=\"async\" src=\"https:\/\/gentleglow.at\/wp-content\/uploads\/2022\/03\/white-divider.png\" class=\"imagedividerpic\" alt=\"divider\">\r\n\t\t<\/div>\r\n\t\t<div class=\"clear\"><\/div>\r\n\t<\/div>\n\t<div class=\"wpb_text_column wpb_content_element  vc_custom_1748440707766\" >\n\t\t<div class=\"wpb_wrapper\">\n\t\t\t<p>The radiant, bold, and beautiful sound of GENTLE GLOW\u2019s music is a true reflection of a whole group of dedicated and passionate artists, united by their vision to create songs that move hearts and minds around the globe.<\/p>\n<p>The indie-pop group from Austria has developed their own vibrant and colorful pop sound, infused with positivity and meaningful messages.<\/p>\n<p>The combination of expressive vocals and imaginative instrumentation takes the audience on an emotional journey, accompanied by a spectacular light show and a gentle glow \u2013 the sound light of GENTLE GLOW.<\/p>\n<p>After being founded in 2017 by Jasmin Neuninger (Vocals\/Piano) and Roman Schrank (Guitar\/Percussion), the two set out on their journey to write music together as GENTLE GLOW.<\/p>\n<p>Just one year later, the first studio album \u2018Heroes in Between\u2019 followed, for which they engaged highly qualified studio musicians.<\/p>\n<p>Shortly after, the two decided to expand their band. After several successful concerts and studio productions, the complete line-up of GENTLE GLOW grew to five members: Lisa Duschet (backing vocals), Chris Schrom (drums) and F.H. Novy (bass), who, alongside Jasmin and Roman, ensure a rousing live show.<\/p>\n<p>After the release of the first singles \u2018The Flame\u2019 and \u2018Blossom\u2019, the band decided to have their next song produced in Germany. With the release of \u2018LaST CaLL\u2019 in October 2021, GENTLE GLOW has now managed to attract international attention. The band skilfully wrapped their message in a modern dance beat, thereby also reaching a younger audience. The song was played alternately on various airplay and FM radios in the UK, Sweden and the US (California, Miami, New York). \u2018LaST CaLL\u2019 was also played on some Austrian ORF radios.<\/p>\n<p>In December 2021, the Christmas song \u2018Time of Wonder\u2019 was released, which built on the success of \u2018LaST CaLL\u2019 and ended up on numerous international playlists (Great Britain, Norway, Latin America and the USA).<\/p>\n<p>In the following year, the band worked on the production of a German-language song for the first time, in addition to various concerts and open-air events at public cultural events. The love song, entitled \u2018AugenBlick\u2019, was released in September 2022 and made it into Austrian FM radio. 2023 was marked by a complete reorientation of the appearance and the live shows \u2013 new songs like \u2018Do iT\u2019, \u2018Who R YoU\u2019 and \u2018LiFe iS LikE an OcEaN\u2019 in combination with classical music and JFK's peace speech as an intro and a new light show shaped the new style of GENTLE GLOW at their concerts.<\/p>\n<p>2024 is the most eventful year in the band's history. The band presented itself in its new splendour at various concerts, with the highlight being Europe's largest open-air event in Vienna. After the songs \u2018Do iT\u2019 and \u2018Who R YoU\u2019 sparked the greatest enthusiasm among both the audience and various critics, they were produced in a renowned Hamburg recording studio and released on all streaming platforms in autumn.<\/p>\n\n\t\t<\/div>\n\t<\/div>\n<\/div><\/div><\/div><\/div><div  class=\"vc_row wpb_row vc_row-fluid vc_custom_1472849847028 in_container mobilenopadding\"><div class=\"wpb_column vc_column_container vc_col-sm-12 vc_hidden-sm vc_hidden-xs\"><div class=\"vc_column-inner vc_custom_1647765810934\"><div class=\"wpb_wrapper\"><h2 style=\"font-size: 48px;color: #f5f5f5;line-height: 52px;text-align: center;font-family:Roboto;font-weight:700;font-style:normal\" class=\"vc_custom_heading letter-spacing10\">BIOGRAPHY<\/h2>\t<div class=\"dividerwrap\" style=\"padding-top:0px; padding-bottom:82px;\">\r\n\t\t<div class=\"imagedivider center\">\r\n\t\t<img decoding=\"async\" src=\"https:\/\/gentleglow.at\/wp-content\/uploads\/2022\/03\/white-divider.png\" class=\"imagedividerpic\" alt=\"divider\">\r\n\t\t<\/div>\r\n\t\t<div class=\"clear\"><\/div>\r\n\t<\/div>\n\t<div class=\"wpb_text_column wpb_content_element  vc_custom_1753282888274\" >\n\t\t<div class=\"wpb_wrapper\">\n\t\t\t<p>The radiant, bold, and beautiful sound of GENTLE GLOW\u2019s music is a true reflection of a whole group of dedicated and passionate artists, united by their vision to create songs that move hearts and minds around the globe.<\/p>\n<p>The indie-pop group from Austria has developed their own vibrant and colorful pop sound, infused with positivity and meaningful messages.<\/p>\n<p>The combination of expressive vocals and imaginative instrumentation takes the audience on an emotional journey, accompanied by a spectacular light show and a gentle glow \u2013 the sound light of GENTLE GLOW.<\/p>\n<p>After being founded in 2017 by Jasmin Neuninger (Vocals\/Piano) and Roman Schrank (Guitar\/Percussion), the two set out on their journey to write music together as GENTLE GLOW.<\/p>\n<p>Just one year later, the first studio album \u2018Heroes in Between\u2019 followed, for which they engaged highly qualified studio musicians.<\/p>\n<p>Shortly afterwards, the two decided to expand their band. After several successful concerts and studio productions, the full line-up of GENTLE GLOW grew to five members: Lisa Duschet (backing vocals), Chris Schrom (drums), and Andrea Vari (bass), who, alongside Jasmin and Roman, deliver an electrifying live show.<\/p>\n<p>After the release of the first singles \u2018The Flame\u2019 and \u2018Blossom\u2019, the band decided to have their next song produced in Germany. With the release of \u2018LaST CaLL\u2019 in October 2021, GENTLE GLOW has now managed to attract international attention. The band skilfully wrapped their message in a modern dance beat, thereby also reaching a younger audience. The song was played alternately on various airplay and FM radios in the UK, Sweden and the US (California, Miami, New York). \u2018LaST CaLL\u2019 was also played on some Austrian ORF radios.<\/p>\n<p>In December 2021, the Christmas song \u2018Time of Wonder\u2019 was released, which built on the success of \u2018LaST CaLL\u2019 and ended up on numerous international playlists (Great Britain, Norway, Latin America and the USA).<\/p>\n<p>In the following year, the band worked on the production of a German-language song for the first time, in addition to various concerts and open-air events at public cultural events. The love song, entitled \u2018AugenBlick\u2019, was released in September 2022 and made it into Austrian FM radio. 2023 was marked by a complete reorientation of the appearance and the live shows \u2013 new songs like \u2018Do iT\u2019, \u2018Who R YoU\u2019 and \u2018LiFe iS LikE an OcEaN\u2019 in combination with classical music and JFK's peace speech as an intro and a new light show shaped the new style of GENTLE GLOW at their concerts.<\/p>\n<p>2024 is the most eventful year in the band's history. The band presented itself in its new splendour at various concerts, with the highlight being Europe's largest open-air event in Vienna. After the songs \u2018Do iT\u2019 and \u2018Who R YoU\u2019 sparked the greatest enthusiasm among both the audience and various critics, they were produced in a renowned Hamburg recording studio and released on all streaming platforms in autumn.<\/p>\n\n\t\t<\/div>\n\t<\/div>\n<\/div><\/div><\/div><\/div>\n<\/div>","protected":false},"excerpt":{"rendered":"BIOGRAFIE Der strahlend k\u00fchne und sch\u00f6ne Klang der Musik von GENTLE GLOW ist ein echtes Spiegelbild einer ganzen Gruppe engagierter und leidenschaftlicher K\u00fcnstler, die durch ihre Vision vereint sind, Songs zu schaffen, welche die Herzen und K\u00f6pfe rund um den Globus bewegen. Die Indie-Pop-Formation aus \u00d6sterreich hat einen eigenen, lebendig bunten Pop-Sound entwickelt, der von Positivit\u00e4t und bedeutungsvollen Botschaften durchdrungen ist. Die Kombination von ausdrucksstarkem Gesang und fantasievoller Instrumentierung nimmt das Publikum mit auf eine bewegte Reise, begleitet von einer [...]","protected":false},"author":3,"featured_media":0,"parent":0,"menu_order":1,"comment_status":"closed","ping_status":"closed","template":"","meta":{"_acf_changed":false,"footnotes":""},"class_list":["post-1826","page","type-page","status-publish","hentry"],"acf":[],"_links":{"self":[{"href":"https:\/\/gentleglow.at\/en\/wp-json\/wp\/v2\/pages\/1826","targetHints":{"allow":["GET"]}}],"collection":[{"href":"https:\/\/gentleglow.at\/en\/wp-json\/wp\/v2\/pages"}],"about":[{"href":"https:\/\/gentleglow.at\/en\/wp-json\/wp\/v2\/types\/page"}],"author":[{"embeddable":true,"href":"https:\/\/gentleglow.at\/en\/wp-json\/wp\/v2\/users\/3"}],"replies":[{"embeddable":true,"href":"https:\/\/gentleglow.at\/en\/wp-json\/wp\/v2\/comments?post=1826"}],"version-history":[{"count":1,"href":"https:\/\/gentleglow.at\/en\/wp-json\/wp\/v2\/pages\/1826\/revisions"}],"predecessor-version":[{"id":2070,"href":"https:\/\/gentleglow.at\/en\/wp-json\/wp\/v2\/pages\/1826\/revisions\/2070"}],"wp:attachment":[{"href":"https:\/\/gentleglow.at\/en\/wp-json\/wp\/v2\/media?parent=1826"}],"curies":[{"name":"wp","href":"https:\/\/api.w.org\/{rel}","templated":true}]}}