{"id":2108,"date":"2026-04-28T12:10:16","date_gmt":"2026-04-28T12:10:16","guid":{"rendered":"https:\/\/gentleglow.at\/?page_id=2108"},"modified":"2026-04-28T12:38:44","modified_gmt":"2026-04-28T12:38:44","slug":"radio","status":"publish","type":"page","link":"https:\/\/gentleglow.at\/en\/radio\/","title":{"rendered":"RADIO"},"content":{"rendered":"<div class=\"wpb-content-wrapper\"><div  class=\"vc_row wpb_row vc_row-fluid in_container mobilenopadding\"><div class=\"wpb_column vc_column_container vc_col-sm-12\"><div class=\"vc_column-inner\"><div class=\"wpb_wrapper\"><h2 style=\"font-size: 48px;color: #f5f5f5;line-height: 52px;text-align: center;font-family:ABeeZee;font-weight:400;font-style:normal\" class=\"vc_custom_heading letter-spacing10\">WHO ARE YOU goes global!<\/h2>\n\t<div class=\"wpb_text_column wpb_content_element\" >\n\t\t<div class=\"wpb_wrapper\">\n\t\t\t<p>136 radio stations across the US, UK, Australia, Europe, and beyond have added our song to their airwaves.\u00a0<\/p>\n<p><!-- \/wp:post-content --><\/p>\n<p><!-- wp:paragraph -->Thank you for the incredible support!\u00a0<\/p>\n\n\t\t<\/div>\n\t<\/div>\n\t<div class=\"dividerwrap\" style=\"padding-top:px; padding-bottom:82px;\">\r\n\t\t<div class=\"imagedivider center\">\r\n\t\t<img decoding=\"async\" src=\"https:\/\/gentleglow.at\/wp-content\/uploads\/2022\/03\/white-divider.png\" class=\"imagedividerpic\" alt=\"divider\">\r\n\t\t<\/div>\r\n\t\t<div class=\"clear\"><\/div>\r\n\t<\/div>\n\t<div class=\"wpb_text_column wpb_content_element\" >\n\t\t<div class=\"wpb_wrapper\">\n\t\t\t<p><!-- \/wp:paragraph --><br \/>\n<!-- wp:paragraph \/--><\/p>\n<p><!-- wp:paragraph -->1. TeleRadio 1 in Caprino Veronese, Italy, responded: &#8222;We will play Gentle Glow from now on.&#8220;<\/p>\n<p><!-- \/wp:paragraph --><\/p>\n<p><!-- wp:paragraph -->2. Radio Frankenmeile in Franken Vorstadt, Germany, is playing the song.<\/p>\n<p><!-- \/wp:paragraph --><\/p>\n<p><!-- wp:paragraph -->3. Aquitaine FM in Corr\u00e8ze, France, responded that they will play the song.<\/p>\n<p><!-- \/wp:paragraph --><\/p>\n<p><!-- wp:paragraph -->4. Bandwagon Network Radio \u2013 BWNR in Missouri, USA, is playing \u201cWHO ARE YOU (Radio Version).\u201d<\/p>\n<p><!-- \/wp:paragraph --><\/p>\n<p><!-- wp:paragraph -->5. Radio Sahar in Ofakim, Israel, is playing the song.<\/p>\n<p><!-- \/wp:paragraph --><\/p>\n<p><!-- wp:paragraph -->6. WNCM in Ohio, USA, responded that they will play the song.<\/p>\n<p><!-- \/wp:paragraph --><\/p>\n<p><!-- wp:paragraph -->7. Enjoy Radio UK in London, England, UK, is playing the song.<\/p>\n<p><!-- \/wp:paragraph --><\/p>\n<p><!-- wp:paragraph -->8. Radio Canal Musical Europa in Valencia, Spain, is playing the song.<\/p>\n<p><!-- \/wp:paragraph --><\/p>\n<p><!-- wp:paragraph -->9. Mediterrani FM Barcelona in Barcelona, Spain, responded that they will play the song.<\/p>\n<p><!-- \/wp:paragraph --><\/p>\n<p><!-- wp:paragraph -->10. Radio Asymetria in P\u0142ock, Poland, is playing the song.<\/p>\n<p><!-- \/wp:paragraph --><\/p>\n<p><!-- wp:paragraph -->11. Sternenfeuer Radio in Gerersdorf, Austria, is playing the song.<\/p>\n<p><!-- \/wp:paragraph --><\/p>\n<p><!-- wp:paragraph -->12. Level Rock FM in Salta, Argentina, responded that they will play the song.<\/p>\n<p><!-- \/wp:paragraph --><\/p>\n<p><!-- wp:paragraph -->13. AYN Radio in Zaragoza, Spain, responded: &#8222;We\u2019re pleased to inform you that the track received will be included in our programming, alongside the latest releases from our station. We believe it perfectly matches the spirit of our radio and are confident our audience will enjoy it.&#8220;<\/p>\n<p><!-- \/wp:paragraph --><\/p>\n<p><!-- wp:paragraph -->14. Click Your Radio Hits in Ottawa, Canada, is playing the song.<\/p>\n<p><!-- \/wp:paragraph --><\/p>\n<p><!-- wp:paragraph -->15. Flammenherz Radio in Saarbr\u00fccken, Germany, responded that they will play the song.<\/p>\n<p><!-- \/wp:paragraph --><\/p>\n<p><!-- wp:paragraph -->16. Lively Radio in London, England, UK, is playing the song.<\/p>\n<p><!-- \/wp:paragraph --><\/p>\n<p><!-- wp:paragraph -->17. Lonely Oak Radio in California, USA, is playing the song.<\/p>\n<p><!-- \/wp:paragraph --><\/p>\n<p><!-- wp:paragraph -->18. La 93.0 FM in Madrid, Spain, responded that they will play the song.<\/p>\n<p><!-- \/wp:paragraph --><\/p>\n<p><!-- wp:paragraph -->19. Radio Augusta 108 FM in Abidjan, Ivory Coast, is playing \u201cWHO ARE YOU (Radio Version).\u201d<\/p>\n<p><!-- \/wp:paragraph --><\/p>\n<p><!-- wp:paragraph -->20. Blackpool Radio in Blackpool, England, UK, is playing the song.<\/p>\n<p><!-- \/wp:paragraph --><\/p>\n<p><!-- wp:paragraph -->21. Radiosol in Sollefte\u00e5, Sweden, responded that they will play the song.<\/p>\n<p><!-- \/wp:paragraph --><\/p>\n<p><!-- wp:paragraph -->22. FreeRadioJolly.com in Mariano Comense, Italy, is playing the song.<\/p>\n<p><!-- \/wp:paragraph --><\/p>\n<p><!-- wp:paragraph -->23. Musicbox4Friends in Toronto, Canada, is playing the song.<\/p>\n<p><!-- \/wp:paragraph --><\/p>\n<p><!-- wp:paragraph -->24. DRO79 Drolo Mix in Minnesota, USA, responded that they will play the song.<\/p>\n<p><!-- \/wp:paragraph --><\/p>\n<p><!-- wp:paragraph -->25. Lomond Radio in Dumbarton, Scotland, UK, is playing the song.<\/p>\n<p><!-- \/wp:paragraph --><\/p>\n<p><!-- wp:paragraph -->26. KMUN 91.9 FM in Oregon, USA, responded that they received the song.<\/p>\n<p><!-- \/wp:paragraph --><\/p>\n<p><!-- wp:paragraph -->27. Truckersnl.com in Antwerp, Belgium, responded that they will play the song. 28. Radio Futura Sorso in Sorso, Italy, is playing the song. 29. Onda87Radio in C\u00e1diz, Spain, is playing the song. Continue<\/p>\n<p><!-- \/wp:paragraph --><\/p>\n<p><!-- wp:paragraph -->30. The Rockin&#8216; WAVES 11294 Radio Network in Georgia, USA, responded that they will play the song.<\/p>\n<p><!-- \/wp:paragraph --><\/p>\n<p><!-- wp:paragraph -->31. Islands FM 107.9 in St Mary\u2019s Bay, England, UK, is playing \u201cWHO ARE YOU (Radio Version).\u201d<\/p>\n<p><!-- \/wp:paragraph --><\/p>\n<p><!-- wp:paragraph -->32. Digital Music Life in Dinslaken, Germany, responded that they will play the song.<\/p>\n<p><!-- \/wp:paragraph --><\/p>\n<p><!-- wp:paragraph -->33. Luvfm Amsterdam in Amsterdam, Netherlands, is playing the song.<\/p>\n<p><!-- \/wp:paragraph --><\/p>\n<p><!-- wp:paragraph -->34. EN EL AIRE FM VENEZUELA, responded that they will play the song.<\/p>\n<p><!-- \/wp:paragraph --><\/p>\n<p><!-- wp:paragraph -->35. Open Stage Radio in the USA responded: &#8222;I received and played it.&#8220;<\/p>\n<p><!-- \/wp:paragraph --><\/p>\n<p><!-- wp:paragraph -->36. 107.5 The Swamp in Louisiana, USA, is playing the song.<\/p>\n<p><!-- \/wp:paragraph --><\/p>\n<p><!-- wp:paragraph -->37. UG Media in Birmingham, England, UK, is playing the song.<\/p>\n<p><!-- \/wp:paragraph --><\/p>\n<p><!-- wp:paragraph -->38. Waves Media in Ireland responded that they will play the song.<\/p>\n<p><!-- \/wp:paragraph --><\/p>\n<p><!-- wp:paragraph -->39. Cool Nation Radio in Kingston upon Hull, England, UK, is playing the song.<\/p>\n<p><!-- \/wp:paragraph --><\/p>\n<p><!-- wp:paragraph -->40. Have A Blast Radio in Philipsburg, Sint Maarten, is playing the song.<\/p>\n<p><!-- \/wp:paragraph --><\/p>\n<p><!-- wp:paragraph -->41. LabProjects Radio in Wisconsin, USA, responded that they will play the song.<\/p>\n<p><!-- \/wp:paragraph --><\/p>\n<p><!-- wp:paragraph -->42. Radio Excaliber in Thessaloniki, Greece, is playing the song.<\/p>\n<p><!-- \/wp:paragraph --><\/p>\n<p><!-- wp:paragraph -->43. UnderProd Radio in Soledad de Graciano S\u00e1nchez, Mexico, responded that they will play the song.<\/p>\n<p><!-- \/wp:paragraph --><\/p>\n<p><!-- wp:paragraph -->44. Streeeem Radio in London, England, UK, is playing the song.<\/p>\n<p><!-- \/wp:paragraph --><\/p>\n<p><!-- wp:paragraph -->45. Radio Lady Monza in Limburg, Netherlands, is playing the song.<\/p>\n<p><!-- \/wp:paragraph --><\/p>\n<p><!-- wp:paragraph -->46. 105.7 Love Radio Roxas &#8211; DYML in Roxas, the Philippines, responded: &#8222;Yes, this is radio friendly. We will play this one.&#8220;<\/p>\n<p><!-- \/wp:paragraph --><\/p>\n<p><!-- wp:paragraph -->47. Radio Tropical Aruba in San Nicolas, Aruba, responded that they will play the song. 48. Radio Isluga in Iquique, Chile, is playing the song.<\/p>\n<p><!-- \/wp:paragraph --><\/p>\n<p><!-- wp:paragraph -->49. Radio Free Otaku in Delaware, USA, is playing the song.<\/p>\n<p><!-- \/wp:paragraph --><\/p>\n<p><!-- wp:paragraph -->50. Onda inclusiva Tenerife in Tenerife, Spain, responded that they will play the song.<\/p>\n<p><!-- \/wp:paragraph --><\/p>\n<p><!-- wp:paragraph -->51. Let the music radio in Rio de Janeiro, Brazil, is playing the song.<\/p>\n<p><!-- \/wp:paragraph --><\/p>\n<p><!-- wp:paragraph -->52. Radio Dalmacija in Split, Croatia, responded that, unfortunately, they will not play the song.<\/p>\n<p><!-- \/wp:paragraph --><\/p>\n<p><!-- wp:paragraph -->53. VMPC Radio 89.5 Mix FM in Binangonan, the Philippines, responded that they will play the song.<\/p>\n<p><!-- \/wp:paragraph --><\/p>\n<p><!-- wp:paragraph -->54. Genesis FM in Colombia, is playing the song.<\/p>\n<p><!-- \/wp:paragraph --><\/p>\n<p><!-- wp:paragraph -->55. WebRadio-Waasland in Sint-Niklaas, Belgium, responded that they will play the song.<\/p>\n<p><!-- \/wp:paragraph --><\/p>\n<p><!-- wp:paragraph -->56. Beat Route Radio in Rushden, England, UK, is playing the song.<\/p>\n<p><!-- \/wp:paragraph --><\/p>\n<p><!-- wp:paragraph -->57. Radio Zoom in Frankfurt am Main, Germany, responded that they will play the song.<\/p>\n<p><!-- \/wp:paragraph --><\/p>\n<p><!-- wp:paragraph -->58. SunyfunRadio in Morzine, France, is playing the song.<\/p>\n<p><!-- \/wp:paragraph --><\/p>\n<p><!-- wp:paragraph -->59. Maestro Music Group in Manitoba, Canada, responded that they will play the song.<\/p>\n<p><!-- \/wp:paragraph --><\/p>\n<p><!-- wp:paragraph -->60. Mediatop Radio in Neubrandenburg, Germany, is playing the song. ContinueContinue<\/p>\n<p><!-- \/wp:paragraph --><\/p>\n<p><!-- wp:paragraph -->61. WFRM Radio in Birmingham, England, UK, is playing the song.<\/p>\n<p><!-- \/wp:paragraph --><\/p>\n<p><!-- wp:paragraph -->62. Hitradio-Breitungen in Breitungen, Germany, responded that they will play the song.<\/p>\n<p><!-- \/wp:paragraph --><\/p>\n<p><!-- wp:paragraph -->63. WDNF-Philly in Pennsylvania, USA, is playing the song.<\/p>\n<p><!-- \/wp:paragraph --><\/p>\n<p><!-- wp:paragraph -->64. Pulse FM Varberg\/Sweden &#8211; rotation for next weeks .<\/p>\n<p><!-- \/wp:paragraph --><\/p>\n<p><!-- wp:paragraph -->65. Pulse FM Boras\/Sweden &#8211; rotation for next weeks.<\/p>\n<p><!-- \/wp:paragraph --><\/p>\n<p><!-- wp:paragraph -->66. THE BEAT in Stickholm, Sweden responded they will play the song in rotation the next month<\/p>\n<p><!-- \/wp:paragraph --><\/p>\n<p><!-- wp:paragraph -->67. Miami Beach Radio in USA responded they will play the song in rotation.<\/p>\n<p><!-- \/wp:paragraph --><\/p>\n<p><!-- wp:paragraph -->68. 104,7 KISS FM Montgomery\/ USA will play the song.<\/p>\n<p><!-- \/wp:paragraph --><\/p>\n<p><!-- wp:paragraph -->69. iHEART Radio The Fierce Female Network will play the song in rotation and introduce in the Adrienne Manson podcast.<\/p>\n<p><!-- \/wp:paragraph --><\/p>\n<p><!-- wp:paragraph -->70. BMS Radio Network Chicago will play \u201eWHO ARE YOU\u201c in rotation.<\/p>\n<p><!-- \/wp:paragraph --><\/p>\n<p><!-- wp:paragraph -->71. London FM Digital in UK we will play WHO ARE YOU in rotation for the next month.<\/p>\n<p><!-- \/wp:paragraph --><\/p>\n<p><!-- wp:paragraph -->72. Novaprimeira in Tocantins, Brazil, responded: &#8222;Excellent. It&#8217;s already on our schedule.&#8220;<\/p>\n<p><!-- \/wp:paragraph --><\/p>\n<p><!-- wp:paragraph -->73. Access Radio Taranaki 104.4 FM in New Plymouth, New Zealand, responded: &#8222;Gentle Glow &#8211; &#8218;WHO ARE YOU (Radio Version)&#8216; is in our playlist<\/p>\n<p><!-- \/wp:paragraph --><\/p>\n<p><!-- wp:paragraph -->74. Radio Turda &amp; Transylvania Hits in Turda, Romania, responded: &#8222;Here is a song that managed to make it (or will make it) into our playlist. Gentle Glow &#8211; WHO ARE YOU<\/p>\n<p><!-- \/wp:paragraph --><\/p>\n<p><!-- wp:paragraph -->75. Hit FM Latinoam\u00e9rica, responded: &#8222;We added it to our playlist.<\/p>\n<p><!-- \/wp:paragraph --><\/p>\n<p><!-- wp:paragraph -->76. Easy radio group in Perth, Australia, responded that they will play &#8222;WHO ARE YOU (Radio Version)&#8220;.<\/p>\n<p><!-- \/wp:paragraph --><\/p>\n<p><!-- wp:paragraph -->77. Onda Wantuki in Madrid, Spain, responded: &#8222;Ready, this song in Onda Wantuki\u00b4s playlist.&#8220;<\/p>\n<p><!-- \/wp:paragraph --><\/p>\n<p><!-- wp:paragraph -->78. IFM 102.2 in Vanderbijlpark, South Africa, responded: &#8222;Yes, I have playlisted the song.&#8220;<\/p>\n<p><!-- \/wp:paragraph --><\/p>\n<p><!-- wp:paragraph -->79. Red Berry Radio (Crash N Burn show) in Huddersfield, England, UK, responded: &#8222;Will play Sunday.&#8220;<\/p>\n<p><!-- \/wp:paragraph --><\/p>\n<p><!-- wp:paragraph -->80. TalentCast 1485 AM in Groningen, Netherlands, responded: &#8222;It&#8217;s on the playlist.&#8220;<\/p>\n<p><!-- \/wp:paragraph --><\/p>\n<p><!-- wp:paragraph -->81. Meie Raadio in Hargla, Estonia, responded: &#8222;Added.&#8220;<\/p>\n<p><!-- \/wp:paragraph --><\/p>\n<p><!-- wp:paragraph -->82.Radio A.S.Brazil in S\u00e3o Paulo, Brazil, responded: &#8222;The songs will be played on our radio from 6 PM (Brasilia time) until April 3, after which will be incorporated into the usual programming.<\/p>\n<p><!-- \/wp:paragraph --><\/p>\n<p><!-- wp:paragraph --><a href=\"http:\/\/asbrazil.com\/\">http:\/\/asbrazil.com\/<\/a> &#8222;<\/p>\n<p><!-- \/wp:paragraph --><\/p>\n<p><!-- wp:paragraph -->84. Radio Fun Vlaanderen in Assenede, Belgium, responded: &#8222;The song will be included in our non-stop.&#8220;<\/p>\n<p><!-- \/wp:paragraph --><\/p>\n<p><!-- wp:paragraph -->85. Radio Patapoe 88.3 FM Amsterdam in Amsterdam, Netherlands, responded: &#8222;On Patapoe&#8217;s playlist.&#8220;<\/p>\n<p><!-- \/wp:paragraph --><\/p>\n<p><!-- wp:paragraph -->86. Dizgo Radio FM in Maassluis, Netherlands, responded: &#8222;For sure, we will do and give playtime on our radio station. It sounds great!&#8220;<\/p>\n<p><!-- \/wp:paragraph --><\/p>\n<p><!-- wp:paragraph -->87. Radio Victor in Santiago, Chile, responded: &#8222;The song &#8222;Who Are You&#8220; is on our playlist.<\/p>\n<p><!-- \/wp:paragraph --><\/p>\n<p><!-- wp:paragraph -->88. KCBP Radio 95.5 FM in California, USA, responded: &#8222;Your song is in our playlist. <a href=\"https:\/\/kcbpradio.org\/\">https:\/\/kcbpradio.org\/<\/a> &#8222;<\/p>\n<p><!-- \/wp:paragraph --><\/p>\n<p><!-- wp:paragraph -->89. \u0420\u0430\u0434\u0438\u043e \u041b\u0438\u043d\u0438\u044f &#8211; RADIO LINE in Simferopol, Ukraine, responded: &#8222;The song was added to the music database of Radio Line!&#8220;<\/p>\n<p><!-- \/wp:paragraph --><\/p>\n<p><!-- wp:paragraph -->90. My Holidays Etc .com in Illinois, USA, responded: &#8222;Beautiful tune, and I picked up a few other tracks of theirs at Amazon. They&#8217;ll help finish up my Ladies of Rock theme, and also play in my Summer\/Weekend, and club\/dance themes.&#8220; Continue<\/p>\n<p><!-- \/wp:paragraph --><\/p>\n<p><!-- wp:paragraph -->91. Ferndale Community Radio in Plymouth, England, UK, responded: &#8222;I&#8217;m pleased to inform you it has been included in The New Music Showcase on FCR Radio Plymouth, listen to #fcradio.co.uk Friday 5pm to 7pm GMT. It will also be played a guaranteed 4 more times on scheduled various time slots over the next 7 days To Listen #fcradio.co.uk download or Ferndale Community Radio (FCR) Apps, Smart Speakers. This show is also broadcast live on Facebook Ferndale CR. TV Why not join FCR Radio Station on WhatsApp 07458302444 &amp; Tik Tok<\/p>\n<p><!-- \/wp:paragraph --><\/p>\n<p><!-- wp:paragraph --><a href=\"https:\/\/www.fcradio.co.uk\/\">https:\/\/www.fcradio.co.uk\/<\/a> &#8222;<\/p>\n<p><!-- \/wp:paragraph --><\/p>\n<p><!-- wp:paragraph -->92. Play FM Argentinia responded that they will play the song.<\/p>\n<p><!-- \/wp:paragraph --><\/p>\n<p><!-- wp:paragraph -->93. Radio Hits Espagna, responded: &#8222;WHO ARE YOU (Radio Version), we have added it to the station&#8217;s playlist.<\/p>\n<p><!-- \/wp:paragraph --><\/p>\n<p><!-- wp:paragraph -->95. MEGAHITS FM in Venezuela, we will play your song in rotation.<\/p>\n<p><!-- \/wp:paragraph --><\/p>\n<p><!-- wp:paragraph -->96. R\u00e1dio Marmeleira in Rio Maior, Portugal, responded: &#8222;A great song that will be part of the R\u00e1dio Marmeleira playlists. Much success.&#8220;<\/p>\n<p><!-- \/wp:paragraph --><\/p>\n<p><!-- wp:paragraph -->97. M\u00c1S FM Miami we will play your song in rotation.<\/p>\n<p><!-- \/wp:paragraph --><\/p>\n<p><!-- wp:paragraph -->98. Ritmo FM Mexico, we will play WHO ARE YOU for the next weeks.<\/p>\n<p><!-- \/wp:paragraph --><\/p>\n<p><!-- wp:paragraph -->99. Radiowave NZ in Auckland, New Zealand, responded: &#8222;Happy to add this song.&#8220;<\/p>\n<p><!-- \/wp:paragraph --><\/p>\n<p><!-- wp:paragraph -->100. BayRadio Spain in Alicante, Spain, responded that they received the song. 27. RTA Planet in Treviso, Italy, responded: &#8222;We would like to inform you that we have downloaded the song and it will be included in automatic rotation starting from April 3.&#8220;<\/p>\n<p><!-- \/wp:paragraph --><\/p>\n<p><!-- wp:paragraph -->101. Master FM, Guatemala, on our playlist in rotation: WHO ARE YOU (Radio Version), Gentle Glow.<\/p>\n<p><!-- \/wp:paragraph --><\/p>\n<p><!-- wp:paragraph -->102. Radio M\u00e9lancolie in Metz, France, responded: &#8222;Your track in Mp3 will be broadcast with other artists before our radio series from 2 p.m. or 3 p.m. on Sunday, thank you and good luck to you, @jeanphy Radio M\u00e9lancolie.&#8220;<\/p>\n<p><!-- \/wp:paragraph --><\/p>\n<p><!-- wp:paragraph -->103. Stereo Hits Honduras, we will play your song for the next weeks in rotation.<\/p>\n<p><!-- \/wp:paragraph --><\/p>\n<p><!-- wp:paragraph -->104. Time Traveller Radio UK in Blyth, England, UK, responded: &#8220; I will include it on my show on Saturday 18th April, and will add it to the Auto DJ rotation.&#8220; 30. Hot105 in Edmonton, Canada, responded: &#8222;Just wanted to update you on the times we will be playing this song, we are going to be playing the song at 7am, 2pm, 7pm, and 10pm Mountain Time, daily.&#8220;<\/p>\n<p><!-- \/wp:paragraph --><\/p>\n<p><!-- wp:paragraph -->105. MB Hitradio in Nunspeet, Netherlands, responded: &#8222;We will put the track in our database and include it in our playlist on MBhiradio.<\/p>\n<p><!-- \/wp:paragraph --><\/p>\n<p><!-- wp:paragraph --><a href=\"http:\/\/www.mbhitradio.eu\/\">http:\/\/www.mbhitradio.eu\/<\/a><\/p>\n<p><!-- \/wp:paragraph --><\/p>\n<p><!-- wp:paragraph -->106. Oje FM in El Salvador, responded, they will play WHO ARE YOU.<\/p>\n<p><!-- \/wp:paragraph --><\/p>\n<p><!-- wp:paragraph -->107. Solid Gold Radio Ireland in Rathdowney, Ireland, responded that they will play &#8222;WHO ARE YOU (Radio Version)&#8220;.<\/p>\n<p><!-- \/wp:paragraph --><\/p>\n<p><!-- wp:paragraph -->108. METRO FM Managua, Nicaragua, we will play in rotation.<\/p>\n<p><!-- \/wp:paragraph --><\/p>\n<p><!-- wp:paragraph -->109. Nexxlegacy Radio in California, USA, responded: &#8222;Song is now on rotation.&#8220; <a href=\"https:\/\/www.nexxlegacy.com\/\">https:\/\/www.nexxlegacy.com\/<\/a><\/p>\n<p><!-- \/wp:paragraph --><\/p>\n<p><!-- wp:paragraph -->110. Powe Hits Radio in Puerto Rico responded: We will play your song for the next weeks.<\/p>\n<p><!-- \/wp:paragraph --><\/p>\n<p><!-- wp:paragraph -->111. LINL Long Island Night Light Radio in Washington, D.C., USA, responded: &#8222;Next Saturday, April 4th, the LINL Radio New Music Show will be live at 10 am EST with new tracks from GENTLE GLOW and many, many more. <a href=\"https:\/\/linlradio.com\">https:\/\/linlradio.com<\/a><\/p>\n<p><!-- \/wp:paragraph --><\/p>\n<p><!-- wp:paragraph -->112. Melodia FM, Dominikanische Republik, will play \u201eWHO ARE YOU\u201c, Gentle Glow.<\/p>\n<p><!-- \/wp:paragraph --><\/p>\n<p><!-- wp:paragraph -->113. hitX radiO in Cramoisy, France, responded: &#8222;We loved this song and the good news is Gentle Glow\u2019s track will be featured on tonight&#8217;s Fresh&#8217;HITS (7-8 PM CET) and will then enter our regular rotation.&#8220; (The show was yesterday) <a href=\"http:\/\/www.hitxradio.net\/\">http:\/\/www.hitxradio.net\/<\/a><\/p>\n<p><!-- \/wp:paragraph --><\/p>\n<p><!-- wp:paragraph -->114. LA MEGA FM in Costa Rica. Song is the playlist in rotation for the next weeks.<\/p>\n<p><!-- \/wp:paragraph --><\/p>\n<p><!-- wp:paragraph -->115. Lava Lounge Radio Australia in Gladstone, Australia, responded: &#8222;Your music has now been added&#8220;. (see attachment)<\/p>\n<p><!-- \/wp:paragraph --><\/p>\n<p><!-- wp:paragraph -->116. Rumba FM in Columbia. In rotation on the radio playlist for the next month.<\/p>\n<p><!-- \/wp:paragraph --><\/p>\n<p><!-- wp:paragraph -->117. IndieHQ Radio in Washington, USA, responded: &#8222;Wow! I love it! I will add it to our broadcast playlist this evening.&#8220;<\/p>\n<p><!-- \/wp:paragraph --><\/p>\n<p><!-- wp:paragraph -->118. 89.5 FM R-Radio Tulungagung in Tulungagung, Indonesia, responded: &#8222;Thanks, I&#8217;ll check it out!&#8220; Congratulations on the airplay in the USA, Australia, and France! Greetings, Eshed Music &amp; Art (Iina, Ace, and Iiro)<\/p>\n<p><!-- \/wp:paragraph --><\/p>\n<p><!-- wp:paragraph -->119. Fiesta FM in Ecuador, \u201eWHO ARE YOU\u201c on playlist in rotation.<\/p>\n<p><!-- \/wp:paragraph --><\/p>\n<p><!-- wp:paragraph -->120. Radio \u00d6ster\u00e5ker 103.7 FM in \u00d6ster\u00e5ker, Sweden, responded: &#8222;Yes, we are playing Gentle Glow.&#8220;<\/p>\n<p><!-- \/wp:paragraph --><\/p>\n<p><!-- wp:paragraph -->121. CD FM in London, England, UK, responded: &#8222;We will play it.<\/p>\n<p><!-- \/wp:paragraph --><\/p>\n<p><!-- wp:paragraph --><a href=\"http:\/\/cdfm.co.uk\/\">http:\/\/cdfm.co.uk\/<\/a> &#8222;<\/p>\n<p><!-- \/wp:paragraph --><\/p>\n<p><!-- wp:paragraph -->122. KISS FM in Peru: song WHO ARE YOU is on playlist.<\/p>\n<p><!-- \/wp:paragraph --><\/p>\n<p><!-- wp:paragraph -->123. Radio Playback in Copenhagen, Denmark, responded: &#8222;Very good fit to our audience. Added for rotation.&#8220;<\/p>\n<p><!-- \/wp:paragraph --><\/p>\n<p><!-- wp:paragraph -->124. MIX FM in Bolivia, on our playlist in rotation.<\/p>\n<p><!-- \/wp:paragraph --><\/p>\n<p><!-- wp:paragraph -->125. Ardenn Cafe Radio Paris, France, responded: &#8222;We&#8217;re happy to add this track to our &#8217;news&#8216; playlist. <a href=\"https:\/\/www.tiktok.com\/@ardenncafewebradio\">https:\/\/www.tiktok.com\/@ardenncafewebradio<\/a>&#8230; <a href=\"https:\/\/www.instagram.com\/ardenncafe\/\">https:\/\/www.instagram.com\/ardenncafe\/<\/a> <a href=\"https:\/\/www.facebook.com\/ardenncafe\">https:\/\/www.facebook.com\/ardenncafe<\/a> &#8222;<\/p>\n<p><!-- \/wp:paragraph --><\/p>\n<p><!-- wp:paragraph -->126. Planeta FM in Chile. WHO ARE YOU on playlist.<\/p>\n<p><!-- \/wp:paragraph --><\/p>\n<p><!-- wp:paragraph -->127. R\u00e1dio Sorte Music in S\u00e3o Paulo, Brazil, responded: &#8222;The song is now on our playlist. Gentle Glow &#8211; &#8222;WHO ARE YOU (Radio Version)&#8220; Congratulations on the airplay in France and Brazil!<\/p>\n<p><!-- \/wp:paragraph --><\/p>\n<p><!-- wp:paragraph -->128. Stereo Pop in Paraguay, on playlist.<\/p>\n<p><!-- \/wp:paragraph --><\/p>\n<p><!-- wp:paragraph -->129. MAXIMA FM in Uruguay, \u201eWHO ARE YOU\u201c from Gentle Glow is now on the playlist in rotation.<\/p>\n<p><!-- \/wp:paragraph --><\/p>\n<p><!-- wp:paragraph -->SF Radio UK in Bristol, England, UK, responded: &#8222;The song has been placed on the New music Rotation; it will be played sometime between 2pm to 4pm each day Monday to Thursdayfrom Monday 13th April for the next 2 weeks here on Sf Radio.<\/p>\n<p><!-- \/wp:paragraph --><\/p>\n<p><!-- wp:paragraph -->130. Magic FM in Panama, song on our playlist.<\/p>\n<p><!-- \/wp:paragraph --><\/p>\n<p><!-- wp:paragraph -->131. CARIBE FM COLOMBIA responded that the song is on their playlist now.<\/p>\n<p><!-- \/wp:paragraph --><\/p>\n<p><!-- wp:paragraph -->132. Classy Curley Radio in Oklahoma, USA, responded that they will play the song.<\/p>\n<p><!-- \/wp:paragraph --><\/p>\n<p><!-- wp:paragraph -->133. Mataram Radio City in Mataram Timur, Indonesia, responded that they will play the song.<\/p>\n<p><!-- \/wp:paragraph --><\/p>\n<p><!-- wp:paragraph -->134. Prospect Radio in London, England, UK, is playing the song.<\/p>\n<p><!-- \/wp:paragraph --><\/p>\n<p><!-- wp:paragraph -->135. Radio KSCR in California, USA, responded: &#8222;WHO ARE YOU (Radio Version), I&#8217;m pleased to let you know that we have added it to the station&#8217;s playlist here at Radio KSCR.&#8220;<\/p>\n<p><!-- \/wp:paragraph --><\/p>\n<p><!-- wp:paragraph -->136. WBOM Streaming Radio in Illinois, USA, responded: &#8222;We added it to our 2020 playlist, which airs weeknights at 8 p.M.<\/p>\n<p><!-- \/wp:paragraph --><\/p>\n<p>&nbsp;<\/p>\n\n\t\t<\/div>\n\t<\/div>\n<\/div><\/div><\/div><\/div>\n<\/div>","protected":false},"excerpt":{"rendered":"WHO ARE YOU weltweit! 136 Radiosender in den USA, Gro\u00dfbritannien, Australien, Europa und dar\u00fcber hinaus spielen unseren Song.\u00a0 Vielen Dank f\u00fcr eure unglaubliche Unterst\u00fctzung!\u00a0 1. TeleRadio 1 in Caprino Veronese, Italy, responded: \"We will play Gentle Glow from now on.\" 2. Radio Frankenmeile in Franken Vorstadt, Germany, is playing the song. 3. Aquitaine FM in Corr\u00e8ze, France, responded that they will play the song. 4. Bandwagon Network Radio \u2013 BWNR in Missouri, USA, is playing \u201cWHO ARE YOU (Radio Version).\u201d [...]","protected":false},"author":10,"featured_media":0,"parent":0,"menu_order":0,"comment_status":"closed","ping_status":"closed","template":"","meta":{"_acf_changed":false,"footnotes":""},"class_list":["post-2108","page","type-page","status-publish","hentry"],"acf":[],"_links":{"self":[{"href":"https:\/\/gentleglow.at\/en\/wp-json\/wp\/v2\/pages\/2108","targetHints":{"allow":["GET"]}}],"collection":[{"href":"https:\/\/gentleglow.at\/en\/wp-json\/wp\/v2\/pages"}],"about":[{"href":"https:\/\/gentleglow.at\/en\/wp-json\/wp\/v2\/types\/page"}],"author":[{"embeddable":true,"href":"https:\/\/gentleglow.at\/en\/wp-json\/wp\/v2\/users\/10"}],"replies":[{"embeddable":true,"href":"https:\/\/gentleglow.at\/en\/wp-json\/wp\/v2\/comments?post=2108"}],"version-history":[{"count":7,"href":"https:\/\/gentleglow.at\/en\/wp-json\/wp\/v2\/pages\/2108\/revisions"}],"predecessor-version":[{"id":2117,"href":"https:\/\/gentleglow.at\/en\/wp-json\/wp\/v2\/pages\/2108\/revisions\/2117"}],"wp:attachment":[{"href":"https:\/\/gentleglow.at\/en\/wp-json\/wp\/v2\/media?parent=2108"}],"curies":[{"name":"wp","href":"https:\/\/api.w.org\/{rel}","templated":true}]}}